{"id":767,"date":"2026-05-05T09:53:54","date_gmt":"2026-05-05T09:53:54","guid":{"rendered":"https:\/\/rcs-se.hu\/?page_id=767"},"modified":"2026-05-05T14:31:47","modified_gmt":"2026-05-05T14:31:47","slug":"jelentkezes-onkenteseknek","status":"publish","type":"page","link":"https:\/\/rcs-se.hu\/en\/jelentkezes-onkenteseknek\/","title":{"rendered":"Jelentkez\u00e9s \u00f6nk\u00e9nteseknek"},"content":{"rendered":"\t\t<div data-elementor-type=\"wp-page\" data-elementor-id=\"767\" class=\"elementor elementor-767\" data-elementor-post-type=\"page\">\n\t\t\t\t<div class=\"elementor-element elementor-element-2980bddc e-con-full e-flex e-con e-parent\" data-id=\"2980bddc\" data-element_type=\"container\" data-e-type=\"container\" data-settings=\"{&quot;background_background&quot;:&quot;classic&quot;}\">\n\t\t\t\t<div class=\"elementor-element elementor-element-53a43069 elementor-invisible elementor-widget elementor-widget-heading\" data-id=\"53a43069\" data-element_type=\"widget\" data-e-type=\"widget\" data-settings=\"{&quot;_animation&quot;:&quot;fadeIn&quot;}\" data-widget_type=\"heading.default\">\n\t\t\t\t<div class=\"elementor-widget-container\">\n\t\t\t\t\t<h2 class=\"elementor-heading-title elementor-size-default\">Jelentkez\u00e9s\n<font color=\"##FF0000\">\u00d6nk\u00e9nteseknek<\/font> <\/h2>\t\t\t\t<\/div>\n\t\t\t\t<\/div>\n\t\t\t\t<div class=\"elementor-element elementor-element-7bdc1786 elementor-widget elementor-widget-text-editor\" data-id=\"7bdc1786\" data-element_type=\"widget\" data-e-type=\"widget\" data-widget_type=\"text-editor.default\">\n\t\t\t\t<div class=\"elementor-widget-container\">\n\t\t\t\t\t\t\t\t\t<p>Az R.C.S. Motorsport Sportegyes\u00fclet v\u00e1rja \u00f6nk\u00e9ntesek jelentkez\u00e9s\u00e9t, els\u0151sorban az &#8222;RCS MeetUP&#8221; BMW tal\u00e1lkoz\u00f3ra.<\/p><p>\u00d6nk\u00e9ntesk\u00e9nt lehet\u0151s\u00e9g van r\u00e9szt venni a k\u00f6z\u00f6ss\u00e9gi-, sport- \u00e9s csal\u00e1di programok szervez\u00e9s\u00e9ben, ir\u00e1ny\u00edt\u00e1s\u00e1ban, valamint a h\u00e1tt\u00e9rfeladatok elv\u00e9gz\u00e9s\u00e9ben.<\/p><p>Di\u00e1kok sz\u00e1m\u00e1ra lehets\u00e9ges a k\u00f6telez\u0151 50 \u00f3r\u00e1s &#8222;K\u00f6z\u00f6ss\u00e9gi szolg\u00e1lat&#8221; let\u00f6lt\u00e9se n\u00e1lunk.<\/p><p>2026-ban a rendezv\u00e9ny helysz\u00edne \u00e9s id\u0151pontja: Kunfeh\u00e9rt\u00f3, 2026 j\u00fanius 17-21.<\/p><p>A dolgoz\u00f3inknak, \u00f6nk\u00e9nteseknek sz\u00e1ll\u00e1st \u00e9s \u00e9tkez\u00e9st tudunk biztos\u00edtani.<\/p><p>Mi\u00e9rt \u00e9rdemes jelentkezni? Mert nagy buli! Egy kis munka, egy kis nyaral\u00e1s, partiz\u00e1s, fiatal t\u00e1rsas\u00e1g, j\u00f3 k\u00f6z\u00f6ss\u00e9g!<\/p><p>Figyelem!\u00a0 Ez nem ingyenes bel\u00e9p\u0151 a rendezv\u00e9nyre.<\/p><p>\u00dagy k\u00e9sz\u00fclj, hogyha jelentkezel, \u00e9s megegyez\u00fcnk a feladataidban, majd v\u00e9gigtolod munk\u00e1val (\u00e9s bulival) az 5 napot n\u00e1lunk, akkor j\u00f3l ki fogsz f\u00e1radni a v\u00e9g\u00e9re. Ilyen ez a &#8222;fesztiv\u00e1los&#8221;\u00a0 vil\u00e1g &#8211; \u00e9s pont ett\u0151l j\u00f3!\u00a0 Sok visszaj\u00e1r\u00f3 dolgoz\u00f3nk mondja, hogy pont ezt a p\u00f6rg\u00e9st, hangulatot keresi \u00e9s kapja a rendezv\u00e9nyen, a csapatunkban.<\/p><p>Ha teh\u00e1t tetszik a dolog, \u00e9s komolyan gondolod, hogy j\u00f6nn\u00e9l hozz\u00e1nk, add meg az adataidat \u00e9s jelentkezz!<\/p><p>\u00a0<\/p>\t\t\t\t\t\t\t\t<\/div>\n\t\t\t\t<\/div>\n\t\t\t\t<div class=\"elementor-element elementor-element-7b31dc64 elementor-button-align-stretch elementor-widget elementor-widget-form\" data-id=\"7b31dc64\" data-element_type=\"widget\" data-e-type=\"widget\" data-settings=\"{&quot;step_next_label&quot;:&quot;K\\u00f6vetkez\\u0151&quot;,&quot;step_previous_label&quot;:&quot;El\\u0151z\\u0151&quot;,&quot;button_width&quot;:&quot;100&quot;,&quot;step_type&quot;:&quot;number_text&quot;,&quot;step_icon_shape&quot;:&quot;circle&quot;}\" data-widget_type=\"form.default\">\n\t\t\t\t<div class=\"elementor-widget-container\">\n\t\t\t\t\t\t\t<form class=\"elementor-form\" method=\"post\" name=\"\u00d6nk\u00e9ntesek\" aria-label=\"\u00d6nk\u00e9ntesek\">\n\t\t\t<input type=\"hidden\" name=\"post_id\" value=\"767\"\/>\n\t\t\t<input type=\"hidden\" name=\"form_id\" value=\"7b31dc64\"\/>\n\t\t\t<input type=\"hidden\" name=\"referer_title\" value=\"Jelentkez\u00e9s \u00f6nk\u00e9nteseknek\" \/>\n\n\t\t\t\t\t\t\t<input type=\"hidden\" name=\"queried_id\" value=\"767\"\/>\n\t\t\t\n\t\t\t<div class=\"elementor-form-fields-wrapper elementor-labels-above\">\n\t\t\t\t\t\t\t\t<div class=\"elementor-field-type-html elementor-field-group elementor-column elementor-field-group-field_e6a5126 elementor-col-100\">\n\t\t\t\t\tKapcsolattart\u00f3i adatok\t\t\t\t<\/div>\n\t\t\t\t\t\t\t\t<div class=\"elementor-field-type-text elementor-field-group elementor-column elementor-field-group-name elementor-col-100 elementor-field-required\">\n\t\t\t\t\t\t\t\t\t\t\t\t<label for=\"form-field-name\" class=\"elementor-field-label\">\n\t\t\t\t\t\t\t\tN\u00e9v\t\t\t\t\t\t\t<\/label>\n\t\t\t\t\t\t\t\t\t\t\t\t\t\t<input size=\"1\" type=\"text\" name=\"form_fields[name]\" id=\"form-field-name\" class=\"elementor-field elementor-size-sm  elementor-field-textual\" placeholder=\"N\u00e9v\" required=\"required\">\n\t\t\t\t\t\t\t\t\t\t\t<\/div>\n\t\t\t\t\t\t\t\t<div class=\"elementor-field-type-email elementor-field-group elementor-column elementor-field-group-email elementor-col-100 elementor-field-required\">\n\t\t\t\t\t\t\t\t\t\t\t\t<label for=\"form-field-email\" class=\"elementor-field-label\">\n\t\t\t\t\t\t\t\tEmail\t\t\t\t\t\t\t<\/label>\n\t\t\t\t\t\t\t\t\t\t\t\t\t\t<input size=\"1\" type=\"email\" name=\"form_fields[email]\" id=\"form-field-email\" class=\"elementor-field elementor-size-sm  elementor-field-textual\" placeholder=\"Email\" required=\"required\">\n\t\t\t\t\t\t\t\t\t\t\t<\/div>\n\t\t\t\t\t\t\t\t<div class=\"elementor-field-type-text elementor-field-group elementor-column elementor-field-group-field_f4e44f6 elementor-col-100\">\n\t\t\t\t\t\t\t\t\t\t\t\t<label for=\"form-field-field_f4e44f6\" class=\"elementor-field-label\">\n\t\t\t\t\t\t\t\tTelefonsz\u00e1m\t\t\t\t\t\t\t<\/label>\n\t\t\t\t\t\t\t\t\t\t\t\t\t\t<input size=\"1\" type=\"text\" name=\"form_fields[field_f4e44f6]\" id=\"form-field-field_f4e44f6\" class=\"elementor-field elementor-size-sm  elementor-field-textual\" placeholder=\"Telefonsz\u00e1m\">\n\t\t\t\t\t\t\t\t\t\t\t<\/div>\n\t\t\t\t\t\t\t\t<div class=\"elementor-field-type-date elementor-field-group elementor-column elementor-field-group-field_3a74784 elementor-col-100\">\n\t\t\t\t\t\t\t\t\t\t\t\t<label for=\"form-field-field_3a74784\" class=\"elementor-field-label\">\n\t\t\t\t\t\t\t\tSz\u00fclet\u00e9si id\u0151\t\t\t\t\t\t\t<\/label>\n\t\t\t\t\t\t\n\t\t<input type=\"date\" name=\"form_fields[field_3a74784]\" id=\"form-field-field_3a74784\" class=\"elementor-field elementor-size-sm  elementor-field-textual elementor-date-field\" placeholder=\"Sz\u00fclet\u00e9si id\u0151\" pattern=\"[0-9]{4}-[0-9]{2}-[0-9]{2}\">\n\t\t\t\t\t\t<\/div>\n\t\t\t\t\t\t\t\t<div class=\"elementor-field-type-text elementor-field-group elementor-column elementor-field-group-field_a78502f elementor-col-100\">\n\t\t\t\t\t\t\t\t\t\t\t\t<label for=\"form-field-field_a78502f\" class=\"elementor-field-label\">\n\t\t\t\t\t\t\t\tMit tanulsz vagy dolgozol jelenleg?\t\t\t\t\t\t\t<\/label>\n\t\t\t\t\t\t\t\t\t\t\t\t\t\t<input size=\"1\" type=\"text\" name=\"form_fields[field_a78502f]\" id=\"form-field-field_a78502f\" class=\"elementor-field elementor-size-sm  elementor-field-textual\" placeholder=\"Mit tanulsz vagy dolgozol jelenleg?\">\n\t\t\t\t\t\t\t\t\t\t\t<\/div>\n\t\t\t\t\t\t\t\t<div class=\"elementor-field-type-text elementor-field-group elementor-column elementor-field-group-field_88a5b73 elementor-col-100\">\n\t\t\t\t\t\t\t\t\t\t\t\t<label for=\"form-field-field_88a5b73\" class=\"elementor-field-label\">\n\t\t\t\t\t\t\t\tBesz\u00e9lsz nyelveket? Ha igen, milyen szinten?\t\t\t\t\t\t\t<\/label>\n\t\t\t\t\t\t\t\t\t\t\t\t\t\t<input size=\"1\" type=\"text\" name=\"form_fields[field_88a5b73]\" id=\"form-field-field_88a5b73\" class=\"elementor-field elementor-size-sm  elementor-field-textual\" placeholder=\"Besz\u00e9lsz nyelveket? Ha igen, milyen szinten?\">\n\t\t\t\t\t\t\t\t\t\t\t<\/div>\n\t\t\t\t\t\t\t\t<div class=\"elementor-field-type-textarea elementor-field-group elementor-column elementor-field-group-field_4f6dfa3 elementor-col-100\">\n\t\t\t\t\t\t\t\t\t\t\t\t<label for=\"form-field-field_4f6dfa3\" class=\"elementor-field-label\">\n\t\t\t\t\t\t\t\tMi\u00e9rt szeretn\u00e9l \u00f6nk\u00e9ntes lenni a rednezv\u00e9ny\u00fcnk\u00f6n?\t\t\t\t\t\t\t<\/label>\n\t\t\t\t\t\t<textarea class=\"elementor-field-textual elementor-field  elementor-size-sm\" name=\"form_fields[field_4f6dfa3]\" id=\"form-field-field_4f6dfa3\" rows=\"4\" placeholder=\"Mi\u00e9rt szeretn\u00e9l \u00f6nk\u00e9ntes lenni a rednezv\u00e9ny\u00fcnk\u00f6n?\"><\/textarea>\t\t\t\t<\/div>\n\t\t\t\t\t\t\t\t<div class=\"elementor-field-type-checkbox elementor-field-group elementor-column elementor-field-group-field_1f076db elementor-col-100\">\n\t\t\t\t\t\t\t\t\t\t\t\t<label for=\"form-field-field_1f076db\" class=\"elementor-field-label\">\n\t\t\t\t\t\t\t\tVolt\u00e1l m\u00e1r a rendezv\u00e9ny\u00fcnk\u00f6n?\t\t\t\t\t\t\t<\/label>\n\t\t\t\t\t\t<div class=\"elementor-field-subgroup  elementor-subgroup-inline\"><span class=\"elementor-field-option\"><input type=\"checkbox\" value=\"Igen\" id=\"form-field-field_1f076db-0\" name=\"form_fields[field_1f076db][]\"> <label for=\"form-field-field_1f076db-0\">Igen<\/label><\/span><span class=\"elementor-field-option\"><input type=\"checkbox\" value=\"Nem\" id=\"form-field-field_1f076db-1\" name=\"form_fields[field_1f076db][]\"> <label for=\"form-field-field_1f076db-1\">Nem<\/label><\/span><\/div>\t\t\t\t<\/div>\n\t\t\t\t\t\t\t\t<div class=\"elementor-field-type-html elementor-field-group elementor-column elementor-field-group-field_e38a63f elementor-col-100\">\n\t\t\t\t\tA kit\u00f6lt\u00e9ssel hozz\u00e1j\u00e1rulok, hogy az R.C.S. a tal\u00e1lkoz\u00f3val kapcsolatban inform\u00e1ci\u00f3t k\u00fcldj\u00f6n, \u00e9s elfogadom az Adatkezel\u00e9si Szab\u00e1lyzatot.\t\t\t\t<\/div>\n\t\t\t\t\t\t\t\t<div class=\"elementor-field-group elementor-column elementor-field-type-submit elementor-col-100 e-form__buttons\">\n\t\t\t\t\t<button class=\"elementor-button elementor-size-sm elementor-animation-pulse\" type=\"submit\">\n\t\t\t\t\t\t<span class=\"elementor-button-content-wrapper\">\n\t\t\t\t\t\t\t\t\t\t\t\t\t\t\t\t\t\t\t\t\t\t<span class=\"elementor-button-text\">Jelentkez\u00e9s<\/span>\n\t\t\t\t\t\t\t\t\t\t\t\t\t<\/span>\n\t\t\t\t\t<\/button>\n\t\t\t\t<\/div>\n\t\t\t<\/div>\n\t\t<\/form>\n\t\t\t\t\t\t<\/div>\n\t\t\t\t<\/div>\n\t\t\t\t<\/div>\n\t\t\t\t<\/div>\n\t\t","protected":false},"excerpt":{"rendered":"<p>Jelentkez\u00e9s \u00d6nk\u00e9nteseknek Az R.C.S. Motorsport Sportegyes\u00fclet v\u00e1rja \u00f6nk\u00e9ntesek jelentkez\u00e9s\u00e9t, els\u0151sorban az &#8222;RCS MeetUP&#8221; BMW tal\u00e1lkoz\u00f3ra. \u00d6nk\u00e9ntesk\u00e9nt lehet\u0151s\u00e9g van r\u00e9szt venni [&hellip;]<\/p>\n","protected":false},"author":105,"featured_media":0,"parent":0,"menu_order":0,"comment_status":"closed","ping_status":"closed","template":"","meta":{"site-sidebar-layout":"no-sidebar","site-content-layout":"","ast-site-content-layout":"full-width-container","site-content-style":"default","site-sidebar-style":"default","ast-global-header-display":"","ast-banner-title-visibility":"","ast-main-header-display":"","ast-hfb-above-header-display":"","ast-hfb-below-header-display":"","ast-hfb-mobile-header-display":"","site-post-title":"disabled","ast-breadcrumbs-content":"","ast-featured-img":"disabled","footer-sml-layout":"","theme-transparent-header-meta":"","adv-header-id-meta":"","stick-header-meta":"","header-above-stick-meta":"","header-main-stick-meta":"","header-below-stick-meta":"","astra-migrate-meta-layouts":"default","ast-page-background-enabled":"default","ast-page-background-meta":{"desktop":{"background-color":"var(--ast-global-color-5)","background-image":"","background-repeat":"repeat","background-position":"center center","background-size":"auto","background-attachment":"scroll","background-type":"","background-media":"","overlay-type":"","overlay-color":"","overlay-opacity":"","overlay-gradient":""},"tablet":{"background-color":"","background-image":"","background-repeat":"repeat","background-position":"center center","background-size":"auto","background-attachment":"scroll","background-type":"","background-media":"","overlay-type":"","overlay-color":"","overlay-opacity":"","overlay-gradient":""},"mobile":{"background-color":"","background-image":"","background-repeat":"repeat","background-position":"center center","background-size":"auto","background-attachment":"scroll","background-type":"","background-media":"","overlay-type":"","overlay-color":"","overlay-opacity":"","overlay-gradient":""}},"ast-content-background-meta":{"desktop":{"background-color":"var(--ast-global-color-4)","background-image":"","background-repeat":"repeat","background-position":"center center","background-size":"auto","background-attachment":"scroll","background-type":"","background-media":"","overlay-type":"","overlay-color":"","overlay-opacity":"","overlay-gradient":""},"tablet":{"background-color":"var(--ast-global-color-4)","background-image":"","background-repeat":"repeat","background-position":"center center","background-size":"auto","background-attachment":"scroll","background-type":"","background-media":"","overlay-type":"","overlay-color":"","overlay-opacity":"","overlay-gradient":""},"mobile":{"background-color":"var(--ast-global-color-4)","background-image":"","background-repeat":"repeat","background-position":"center center","background-size":"auto","background-attachment":"scroll","background-type":"","background-media":"","overlay-type":"","overlay-color":"","overlay-opacity":"","overlay-gradient":""}},"footnotes":""},"class_list":["post-767","page","type-page","status-publish","hentry"],"_links":{"self":[{"href":"https:\/\/rcs-se.hu\/en\/wp-json\/wp\/v2\/pages\/767","targetHints":{"allow":["GET"]}}],"collection":[{"href":"https:\/\/rcs-se.hu\/en\/wp-json\/wp\/v2\/pages"}],"about":[{"href":"https:\/\/rcs-se.hu\/en\/wp-json\/wp\/v2\/types\/page"}],"author":[{"embeddable":true,"href":"https:\/\/rcs-se.hu\/en\/wp-json\/wp\/v2\/users\/105"}],"replies":[{"embeddable":true,"href":"https:\/\/rcs-se.hu\/en\/wp-json\/wp\/v2\/comments?post=767"}],"version-history":[{"count":13,"href":"https:\/\/rcs-se.hu\/en\/wp-json\/wp\/v2\/pages\/767\/revisions"}],"predecessor-version":[{"id":784,"href":"https:\/\/rcs-se.hu\/en\/wp-json\/wp\/v2\/pages\/767\/revisions\/784"}],"wp:attachment":[{"href":"https:\/\/rcs-se.hu\/en\/wp-json\/wp\/v2\/media?parent=767"}],"curies":[{"name":"wp","href":"https:\/\/api.w.org\/{rel}","templated":true}]}}