{"id":678,"date":"2026-03-10T11:25:12","date_gmt":"2026-03-10T11:25:12","guid":{"rendered":"https:\/\/rcs-se.hu\/?page_id=678"},"modified":"2026-03-10T11:25:48","modified_gmt":"2026-03-10T11:25:48","slug":"privacy-and-policy","status":"publish","type":"page","link":"https:\/\/rcs-se.hu\/en\/privacy-and-policy\/","title":{"rendered":"Privacy and Policy"},"content":{"rendered":"<div data-elementor-type=\"wp-page\" data-elementor-id=\"678\" class=\"elementor elementor-678\" data-elementor-post-type=\"page\">\n\t\t\t\t<div class=\"elementor-element elementor-element-4ae0950 e-con-full e-flex e-con e-parent\" data-id=\"4ae0950\" data-element_type=\"container\" data-e-type=\"container\">\n\t\t\t\t<div class=\"elementor-element elementor-element-f9fc3cf elementor-widget elementor-widget-heading\" data-id=\"f9fc3cf\" data-element_type=\"widget\" data-e-type=\"widget\" data-widget_type=\"heading.default\">\n\t\t\t\t<div class=\"elementor-widget-container\">\n\t\t\t\t\t<h2 class=\"elementor-heading-title elementor-size-default\">Privacy and Policy<\/h2>\t\t\t\t<\/div>\n\t\t\t\t<\/div>\n\t\t\t\t<div class=\"elementor-element elementor-element-090b395 elementor-widget elementor-widget-text-editor\" data-id=\"090b395\" data-element_type=\"widget\" data-e-type=\"widget\" data-widget_type=\"text-editor.default\">\n\t\t\t\t<div class=\"elementor-widget-container\">\n\t\t\t\t\t\t\t\t\t<h3 data-section-id=\"4khzxx\" data-start=\"117\" data-end=\"139\">1. Data Controller<\/h3><p data-start=\"141\" data-end=\"366\"><strong data-start=\"141\" data-end=\"173\">Name of the data controller:<\/strong> R.C.S. Motorsport Sports Association<br data-start=\"206\" data-end=\"209\" \/><strong data-start=\"209\" data-end=\"231\">Registered office:<\/strong> 6230 Soltvadkert, Sz\u0151l\u0151 utca 66., Hungary<br data-start=\"273\" data-end=\"276\" \/><strong data-start=\"276\" data-end=\"307\">Authorized representatives:<\/strong> The Board of the Association<br data-start=\"336\" data-end=\"339\" \/><strong data-start=\"339\" data-end=\"351\">Contact:<\/strong> <a class=\"decorated-link\" href=\"mailto:info@rcs-se.hu\" rel=\"noopener\" data-start=\"352\" data-end=\"366\">info@rcs-se.hu<\/a><\/p><hr data-start=\"368\" data-end=\"371\" \/><h3 data-section-id=\"1tcjdg\" data-start=\"373\" data-end=\"422\">2. Purpose and Legal Basis of Data Processing<\/h3><p data-start=\"424\" data-end=\"491\">The association processes personal data for the following purposes:<\/p><div class=\"TyagGW_tableContainer\"><div class=\"group TyagGW_tableWrapper flex flex-col-reverse w-fit\" tabindex=\"-1\"><table class=\"w-fit min-w-(--thread-content-width)\" data-start=\"493\" data-end=\"1080\"><thead data-start=\"493\" data-end=\"568\"><tr data-start=\"493\" data-end=\"568\"><th class=\"\" data-start=\"493\" data-end=\"522\" data-col-size=\"md\">Purpose of Data Processing<\/th><th class=\"\" data-start=\"522\" data-end=\"536\" data-col-size=\"md\">Legal Basis<\/th><th class=\"\" data-start=\"536\" data-end=\"568\" data-col-size=\"md\">Categories of Data Processed<\/th><\/tr><\/thead><tbody data-start=\"583\" data-end=\"1080\"><tr data-start=\"583\" data-end=\"773\"><td data-start=\"583\" data-end=\"632\" data-col-size=\"md\">Event registration and membership registration<\/td><td data-col-size=\"md\" data-start=\"632\" data-end=\"683\">Article 6(1)(b) GDPR (performance of a contract)<\/td><td data-col-size=\"md\" data-start=\"683\" data-end=\"773\">Name, email address, phone number, address, ID number of photo identification document<\/td><\/tr><tr data-start=\"774\" data-end=\"852\"><td data-start=\"774\" data-end=\"796\" data-col-size=\"md\">Sending newsletters<\/td><td data-col-size=\"md\" data-start=\"796\" data-end=\"829\">Article 6(1)(a) GDPR (consent)<\/td><td data-col-size=\"md\" data-start=\"829\" data-end=\"852\">Name, email address<\/td><\/tr><tr data-start=\"853\" data-end=\"984\"><td data-start=\"853\" data-end=\"892\" data-col-size=\"md\">Communication and handling inquiries<\/td><td data-col-size=\"md\" data-start=\"892\" data-end=\"937\">Article 6(1)(f) GDPR (legitimate interest)<\/td><td data-col-size=\"md\" data-start=\"937\" data-end=\"984\">Name, email address, content of the message<\/td><\/tr><tr data-start=\"985\" data-end=\"1080\"><td data-start=\"985\" data-end=\"1021\" data-col-size=\"md\">Compliance with legal obligations<\/td><td data-col-size=\"md\" data-start=\"1021\" data-end=\"1044\">Article 6(1)(c) GDPR<\/td><td data-col-size=\"md\" data-start=\"1044\" data-end=\"1080\">Billing data, membership records<\/td><\/tr><\/tbody><\/table><\/div><\/div><hr data-start=\"1082\" data-end=\"1085\" \/><h3 data-section-id=\"13kwgnu\" data-start=\"1087\" data-end=\"1115\">3. Data Retention Period<\/h3><p data-start=\"1117\" data-end=\"1179\"><strong data-start=\"1117\" data-end=\"1137\">Membership data:<\/strong> 5 years after termination of membership<\/p><p data-start=\"1181\" data-end=\"1229\"><strong data-start=\"1181\" data-end=\"1204\">Event-related data:<\/strong> 1 year after the event<\/p><p data-start=\"1231\" data-end=\"1293\"><strong data-start=\"1231\" data-end=\"1264\">Newsletter subscription data:<\/strong> until consent is withdrawn<\/p><p data-start=\"1295\" data-end=\"1358\"><strong data-start=\"1295\" data-end=\"1312\">Billing data:<\/strong> 8 years as required by accounting legislation<\/p><hr data-start=\"1360\" data-end=\"1363\" \/><h3 data-section-id=\"62ko0a\" data-start=\"1365\" data-end=\"1406\">4. Data Processors and Data Transfers<\/h3><p data-start=\"1408\" data-end=\"1668\">The association may use external service providers (e.g., accounting services, hosting providers). These data processors process personal data solely in accordance with the instructions of the association and in compliance with applicable data protection laws.<\/p><p data-start=\"1670\" data-end=\"1880\">Certain data may be shared with organizing partners in connection with the organization of events. The association maintains a key partnership primarily with <strong data-start=\"1828\" data-end=\"1879\">RCS Power Ltd. (6230 Soltvadkert, Sz\u0151l\u0151 u. 66.)<\/strong>.<\/p><p data-start=\"1882\" data-end=\"1980\">The association does not transfer personal data to third countries or international organizations.<\/p><hr data-start=\"1982\" data-end=\"1985\" \/><h3 data-section-id=\"c9tf7c\" data-start=\"1987\" data-end=\"2017\">5. Rights of Data Subjects<\/h3><p data-start=\"2019\" data-end=\"2051\">Data subjects have the right to:<\/p><ul data-start=\"2053\" data-end=\"2450\"><li data-section-id=\"1djj4h5\" data-start=\"2053\" data-end=\"2120\"><p data-start=\"2055\" data-end=\"2120\">request information about the processing of their personal data<\/p><\/li><li data-section-id=\"155psi\" data-start=\"2121\" data-end=\"2201\"><p data-start=\"2123\" data-end=\"2201\">request the correction, deletion, or restriction of processing of their data<\/p><\/li><li data-section-id=\"amrh6f\" data-start=\"2202\" data-end=\"2253\"><p data-start=\"2204\" data-end=\"2253\">object to the processing of their personal data<\/p><\/li><li data-section-id=\"1n7bqjs\" data-start=\"2254\" data-end=\"2332\"><p data-start=\"2256\" data-end=\"2332\">withdraw their consent at any time (if the processing is based on consent)<\/p><\/li><li data-section-id=\"2epl1p\" data-start=\"2333\" data-end=\"2450\"><p data-start=\"2335\" data-end=\"2450\">lodge a complaint with the <strong data-start=\"2362\" data-end=\"2448\">Hungarian National Authority for Data Protection and Freedom of Information (NAIH)<\/strong><\/p><\/li><\/ul><p data-start=\"2452\" data-end=\"2537\"><strong data-start=\"2452\" data-end=\"2464\">Address:<\/strong> 1055 Budapest, Falk Miksa utca 9-11., Hungary<br data-start=\"2510\" data-end=\"2513\" \/><strong data-start=\"2513\" data-end=\"2525\">Website:<\/strong> <a class=\"decorated-link\" href=\"http:\/\/www.naih.hu\" target=\"_new\" rel=\"noopener\" data-start=\"2526\" data-end=\"2537\">www.naih.hu<\/a><\/p><hr data-start=\"2539\" data-end=\"2542\" \/><h3 data-section-id=\"1wje9w8\" data-start=\"2544\" data-end=\"2564\">6. Data Security<\/h3><p data-start=\"2566\" data-end=\"2770\">The association ensures the security of personal data and implements appropriate technical and organizational measures to prevent unauthorized access, alteration, disclosure, or deletion of personal data.<\/p><hr data-start=\"2772\" data-end=\"2775\" \/><h3 data-section-id=\"vdrhd\" data-start=\"2777\" data-end=\"2800\">7. Other Provisions<\/h3><p data-start=\"2802\" data-end=\"2968\">The association reserves the right to amend this Privacy Policy. The current version is available on the association\u2019s official website or can be requested via email.<\/p>\t\t\t\t\t\t\t\t<\/div>\n\t\t\t\t<\/div>\n\t\t\t\t<\/div>\n\t\t\t\t<\/div>","protected":false},"excerpt":{"rendered":"<p>Privacy and Policy 1. Data Controller Name of the data controller: R.C.S. Motorsport Sportegyes\u00fcletRegistered office: 6230 Soltvadkert, Sz\u0151l\u0151 utca 66., [&hellip;]<\/p>\n","protected":false},"author":105,"featured_media":0,"parent":0,"menu_order":0,"comment_status":"closed","ping_status":"closed","template":"","meta":{"site-sidebar-layout":"no-sidebar","site-content-layout":"","ast-site-content-layout":"full-width-container","site-content-style":"default","site-sidebar-style":"default","ast-global-header-display":"","ast-banner-title-visibility":"","ast-main-header-display":"","ast-hfb-above-header-display":"","ast-hfb-below-header-display":"","ast-hfb-mobile-header-display":"","site-post-title":"disabled","ast-breadcrumbs-content":"","ast-featured-img":"disabled","footer-sml-layout":"","theme-transparent-header-meta":"","adv-header-id-meta":"","stick-header-meta":"","header-above-stick-meta":"","header-main-stick-meta":"","header-below-stick-meta":"","astra-migrate-meta-layouts":"default","ast-page-background-enabled":"default","ast-page-background-meta":{"desktop":{"background-color":"var(--ast-global-color-5)","background-image":"","background-repeat":"repeat","background-position":"center center","background-size":"auto","background-attachment":"scroll","background-type":"","background-media":"","overlay-type":"","overlay-color":"","overlay-opacity":"","overlay-gradient":""},"tablet":{"background-color":"","background-image":"","background-repeat":"repeat","background-position":"center center","background-size":"auto","background-attachment":"scroll","background-type":"","background-media":"","overlay-type":"","overlay-color":"","overlay-opacity":"","overlay-gradient":""},"mobile":{"background-color":"","background-image":"","background-repeat":"repeat","background-position":"center center","background-size":"auto","background-attachment":"scroll","background-type":"","background-media":"","overlay-type":"","overlay-color":"","overlay-opacity":"","overlay-gradient":""}},"ast-content-background-meta":{"desktop":{"background-color":"var(--ast-global-color-4)","background-image":"","background-repeat":"repeat","background-position":"center center","background-size":"auto","background-attachment":"scroll","background-type":"","background-media":"","overlay-type":"","overlay-color":"","overlay-opacity":"","overlay-gradient":""},"tablet":{"background-color":"var(--ast-global-color-4)","background-image":"","background-repeat":"repeat","background-position":"center center","background-size":"auto","background-attachment":"scroll","background-type":"","background-media":"","overlay-type":"","overlay-color":"","overlay-opacity":"","overlay-gradient":""},"mobile":{"background-color":"var(--ast-global-color-4)","background-image":"","background-repeat":"repeat","background-position":"center center","background-size":"auto","background-attachment":"scroll","background-type":"","background-media":"","overlay-type":"","overlay-color":"","overlay-opacity":"","overlay-gradient":""}},"footnotes":""},"class_list":["post-678","page","type-page","status-publish","hentry"],"_links":{"self":[{"href":"https:\/\/rcs-se.hu\/en\/wp-json\/wp\/v2\/pages\/678","targetHints":{"allow":["GET"]}}],"collection":[{"href":"https:\/\/rcs-se.hu\/en\/wp-json\/wp\/v2\/pages"}],"about":[{"href":"https:\/\/rcs-se.hu\/en\/wp-json\/wp\/v2\/types\/page"}],"author":[{"embeddable":true,"href":"https:\/\/rcs-se.hu\/en\/wp-json\/wp\/v2\/users\/105"}],"replies":[{"embeddable":true,"href":"https:\/\/rcs-se.hu\/en\/wp-json\/wp\/v2\/comments?post=678"}],"version-history":[{"count":4,"href":"https:\/\/rcs-se.hu\/en\/wp-json\/wp\/v2\/pages\/678\/revisions"}],"predecessor-version":[{"id":682,"href":"https:\/\/rcs-se.hu\/en\/wp-json\/wp\/v2\/pages\/678\/revisions\/682"}],"wp:attachment":[{"href":"https:\/\/rcs-se.hu\/en\/wp-json\/wp\/v2\/media?parent=678"}],"curies":[{"name":"wp","href":"https:\/\/api.w.org\/{rel}","templated":true}]}}