{"id":551,"date":"2026-02-24T12:31:54","date_gmt":"2026-02-24T12:31:54","guid":{"rendered":"https:\/\/rcs-se.hu\/?page_id=551"},"modified":"2026-02-24T17:53:17","modified_gmt":"2026-02-24T17:53:17","slug":"22-rcs-bmw-meetup-berlet","status":"publish","type":"page","link":"https:\/\/rcs-se.hu\/en\/22-rcs-bmw-meetup-berlet\/","title":{"rendered":"22. RCS BMW Meetup B\u00e9rlet"},"content":{"rendered":"<div data-elementor-type=\"wp-page\" data-elementor-id=\"551\" class=\"elementor elementor-551\" data-elementor-post-type=\"page\">\n\t\t\t\t<div class=\"elementor-element elementor-element-d1c2552 e-con-full e-flex e-con e-parent\" data-id=\"d1c2552\" data-element_type=\"container\" data-e-type=\"container\">\n\t\t<div class=\"elementor-element elementor-element-acf2e75 e-con-full e-flex e-con e-child\" data-id=\"acf2e75\" data-element_type=\"container\" data-e-type=\"container\">\n\t\t\t\t<div class=\"elementor-element elementor-element-aaf834e elementor-widget elementor-widget-image\" data-id=\"aaf834e\" data-element_type=\"widget\" data-e-type=\"widget\" data-widget_type=\"image.default\">\n\t\t\t\t<div class=\"elementor-widget-container\">\n\t\t\t\t\t\t\t\t\t\t\t\t\t\t\t<img fetchpriority=\"high\" decoding=\"async\" width=\"1024\" height=\"869\" src=\"https:\/\/rcs-se.hu\/wp-content\/uploads\/2026\/02\/RCS-korlogo-GB1-1024x869.png\" class=\"attachment-large size-large wp-image-550\" alt=\"\" srcset=\"https:\/\/rcs-se.hu\/wp-content\/uploads\/2026\/02\/RCS-korlogo-GB1-1024x869.png 1024w, https:\/\/rcs-se.hu\/wp-content\/uploads\/2026\/02\/RCS-korlogo-GB1-600x509.png 600w, https:\/\/rcs-se.hu\/wp-content\/uploads\/2026\/02\/RCS-korlogo-GB1-300x255.png 300w, https:\/\/rcs-se.hu\/wp-content\/uploads\/2026\/02\/RCS-korlogo-GB1-768x652.png 768w, https:\/\/rcs-se.hu\/wp-content\/uploads\/2026\/02\/RCS-korlogo-GB1-1536x1304.png 1536w, https:\/\/rcs-se.hu\/wp-content\/uploads\/2026\/02\/RCS-korlogo-GB1-2048x1738.png 2048w\" sizes=\"(max-width: 1024px) 100vw, 1024px\" \/>\t\t\t\t\t\t\t\t\t\t\t\t\t\t\t<\/div>\n\t\t\t\t<\/div>\n\t\t\t\t<\/div>\n\t\t<div class=\"elementor-element elementor-element-4100b9e e-con-full e-flex e-con e-child\" data-id=\"4100b9e\" data-element_type=\"container\" data-e-type=\"container\">\n\t\t\t\t<div class=\"elementor-element elementor-element-0462a7d elementor-widget elementor-widget-heading\" data-id=\"0462a7d\" data-element_type=\"widget\" data-e-type=\"widget\" data-widget_type=\"heading.default\">\n\t\t\t\t<div class=\"elementor-widget-container\">\n\t\t\t\t\t<h2 class=\"elementor-heading-title elementor-size-default\">22. RCS BMW Meetup B\u00e9rlet<\/h2>\t\t\t\t<\/div>\n\t\t\t\t<\/div>\n\t\t\t\t<div class=\"elementor-element elementor-element-86029ec elementor-widget elementor-widget-text-editor\" data-id=\"86029ec\" data-element_type=\"widget\" data-e-type=\"widget\" data-widget_type=\"text-editor.default\">\n\t\t\t\t<div class=\"elementor-widget-container\">\n\t\t\t\t\t\t\t\t\t<p>Egy szem\u00e9lyre sz\u00f3l, a rendezv\u00e9ny 5 teljes napj\u00e1ra. Jogos\u00edt kempingez\u00e9sre, s\u00e1traz\u00e1sra az \u00f6sszes erre kijel\u00f6lt helyen. (Nincs tov\u00e1bbi aut\u00f3helyi, s\u00e1torhelyi, szem\u00e9lyi fel\u00e1r.) A b\u00e9rletesek ingyen vehetnek r\u00e9szt az \u00f6sszes BMW-tal\u00e1lkoz\u00f3, Drift Arena \u00e9s Party Arena programon, ingyen l\u00e9phetnek be az \u00f6sszes helysz\u00ednre. B\u00e9rletesek BMW-vel behajthatnak a rendezv\u00e9nyter\u00fcletekre, \u00e9rkez\u00e9si sorrendben lehet parkolni. A nyerem\u00e9nyaut\u00f3 sorsol\u00e1son csak a b\u00e9rletes vend\u00e9gek vesznek r\u00e9szt!<\/p>\t\t\t\t\t\t\t\t<\/div>\n\t\t\t\t<\/div>\n\t\t\t\t<div class=\"elementor-element elementor-element-1f908cc elementor-widget elementor-widget-wc-add-to-cart\" data-id=\"1f908cc\" data-element_type=\"widget\" data-e-type=\"widget\" data-widget_type=\"wc-add-to-cart.default\">\n\t\t\t\t<div class=\"elementor-widget-container\">\n\t\t\t\t\t\n\t\n\t<form class=\"cart\" action=\"https:\/\/rcs-se.hu\/en\/product\/22-rcs-bmw-meetup-berlet\/\" method=\"post\" enctype='multipart\/form-data' data-trp-original-action=\"https:\/\/rcs-se.hu\/termek\/22-rcs-bmw-meetup-berlet\/\">\n\t\t\n\t\t<div class=\"quantity\">\n\t\t<label class=\"screen-reader-text\" for=\"quantity_69de2f75a8611\">22. RCS BMW Meetup \u2013 t\u00e1mogat\u00f3 b\u00e9rlet mennyis\u00e9g<\/label>\n\t<input\n\t\ttype=\"number\"\n\t\t\t\tid=\"quantity_69de2f75a8611\"\n\t\tclass=\"input-text qty text\"\n\t\tname=\"quantity\"\n\t\tvalue=\"1\"\n\t\taria-label=\"Term\u00e9k mennyis\u00e9g\"\n\t\t\t\tmin=\"1\"\n\t\t\t\t\t\t\tstep=\"1\"\n\t\t\tplaceholder=\"\"\n\t\t\tinputmode=\"numeric\"\n\t\t\tautocomplete=\"off\"\n\t\t\t\/>\n\t<\/div>\n\n\t\t<button type=\"submit\" name=\"add-to-cart\" value=\"549\" class=\"single_add_to_cart_button elementor-button button alt\">\t\t<span class=\"elementor-button-content-wrapper\">\n\t\t\t\t\t\t<span class=\"elementor-button-icon\">\n\t\t\t\t<svg aria-hidden=\"true\" class=\"e-font-icon-svg e-fas-shopping-cart\" viewbox=\"0 0 576 512\" xmlns=\"http:\/\/www.w3.org\/2000\/svg\"><path d=\"M528.12 301.319l47.273-208C578.806 78.301 567.391 64 551.99 64H159.208l-9.166-44.81C147.758 8.021 137.93 0 126.529 0H24C10.745 0 0 10.745 0 24v16c0 13.255 10.745 24 24 24h69.883l70.248 343.435C147.325 417.1 136 435.222 136 456c0 30.928 25.072 56 56 56s56-25.072 56-56c0-15.674-6.447-29.835-16.824-40h209.647C430.447 426.165 424 440.326 424 456c0 30.928 25.072 56 56 56s56-25.072 56-56c0-22.172-12.888-41.332-31.579-50.405l5.517-24.276c3.413-15.018-8.002-29.319-23.403-29.319H218.117l-6.545-32h293.145c11.206 0 20.92-7.754 23.403-18.681z\"><\/path><\/svg>\t\t\t<\/span>\n\t\t\t\t\t\t\t\t\t<span class=\"elementor-button-text\">Purchase<\/span>\n\t\t\t\t\t<\/span>\n\t\t<\/button>\n\n\t\t\t<input type=\"hidden\" name=\"trp-form-language\" value=\"en\"\/><\/form>\n\n\t\n\t\t\t\t<\/div>\n\t\t\t\t<\/div>\n\t\t\t\t<\/div>\n\t\t\t\t<\/div>\n\t\t<div class=\"elementor-element elementor-element-e773fe3 opc-checkout e-flex e-con-boxed e-con e-parent\" data-id=\"e773fe3\" data-element_type=\"container\" data-e-type=\"container\" data-settings=\"{&quot;background_background&quot;:&quot;classic&quot;}\">\n\t\t\t\t\t<div class=\"e-con-inner\">\n\t\t\t\t<div class=\"elementor-element elementor-element-feae350 e-checkout-layout-two-column elementor-widget elementor-widget-woocommerce-checkout-page\" data-id=\"feae350\" data-element_type=\"widget\" data-e-type=\"widget\" data-widget_type=\"woocommerce-checkout-page.default\">\n\t\t\t\t<div class=\"elementor-widget-container\">\n\t\t\t\t\t<div class=\"woocommerce\"><\/div>\t\t\t\t<\/div>\n\t\t\t\t<\/div>\n\t\t\t\t\t<\/div>\n\t\t\t\t<\/div>\n\t\t\t\t<\/div>","protected":false},"excerpt":{"rendered":"<p>Egy szem\u00e9lyre sz\u00f3l, a rendezv\u00e9ny 5 teljes napj\u00e1ra. Jogos\u00edt kempingez\u00e9sre, s\u00e1traz\u00e1sra az \u00f6sszes erre kijel\u00f6lt helyen. (Nincs tov\u00e1bbi aut\u00f3helyi, s\u00e1torhelyi, [&hellip;]<\/p>\n","protected":false},"author":105,"featured_media":0,"parent":0,"menu_order":0,"comment_status":"closed","ping_status":"closed","template":"","meta":{"site-sidebar-layout":"no-sidebar","site-content-layout":"","ast-site-content-layout":"full-width-container","site-content-style":"default","site-sidebar-style":"default","ast-global-header-display":"","ast-banner-title-visibility":"","ast-main-header-display":"","ast-hfb-above-header-display":"","ast-hfb-below-header-display":"","ast-hfb-mobile-header-display":"","site-post-title":"disabled","ast-breadcrumbs-content":"","ast-featured-img":"disabled","footer-sml-layout":"","theme-transparent-header-meta":"","adv-header-id-meta":"","stick-header-meta":"","header-above-stick-meta":"","header-main-stick-meta":"","header-below-stick-meta":"","astra-migrate-meta-layouts":"default","ast-page-background-enabled":"default","ast-page-background-meta":{"desktop":{"background-color":"var(--ast-global-color-5)","background-image":"","background-repeat":"repeat","background-position":"center center","background-size":"auto","background-attachment":"scroll","background-type":"","background-media":"","overlay-type":"","overlay-color":"","overlay-opacity":"","overlay-gradient":""},"tablet":{"background-color":"","background-image":"","background-repeat":"repeat","background-position":"center center","background-size":"auto","background-attachment":"scroll","background-type":"","background-media":"","overlay-type":"","overlay-color":"","overlay-opacity":"","overlay-gradient":""},"mobile":{"background-color":"","background-image":"","background-repeat":"repeat","background-position":"center center","background-size":"auto","background-attachment":"scroll","background-type":"","background-media":"","overlay-type":"","overlay-color":"","overlay-opacity":"","overlay-gradient":""}},"ast-content-background-meta":{"desktop":{"background-color":"var(--ast-global-color-4)","background-image":"","background-repeat":"repeat","background-position":"center center","background-size":"auto","background-attachment":"scroll","background-type":"","background-media":"","overlay-type":"","overlay-color":"","overlay-opacity":"","overlay-gradient":""},"tablet":{"background-color":"var(--ast-global-color-4)","background-image":"","background-repeat":"repeat","background-position":"center center","background-size":"auto","background-attachment":"scroll","background-type":"","background-media":"","overlay-type":"","overlay-color":"","overlay-opacity":"","overlay-gradient":""},"mobile":{"background-color":"var(--ast-global-color-4)","background-image":"","background-repeat":"repeat","background-position":"center center","background-size":"auto","background-attachment":"scroll","background-type":"","background-media":"","overlay-type":"","overlay-color":"","overlay-opacity":"","overlay-gradient":""}},"footnotes":""},"class_list":["post-551","page","type-page","status-publish","hentry"],"_links":{"self":[{"href":"https:\/\/rcs-se.hu\/en\/wp-json\/wp\/v2\/pages\/551","targetHints":{"allow":["GET"]}}],"collection":[{"href":"https:\/\/rcs-se.hu\/en\/wp-json\/wp\/v2\/pages"}],"about":[{"href":"https:\/\/rcs-se.hu\/en\/wp-json\/wp\/v2\/types\/page"}],"author":[{"embeddable":true,"href":"https:\/\/rcs-se.hu\/en\/wp-json\/wp\/v2\/users\/105"}],"replies":[{"embeddable":true,"href":"https:\/\/rcs-se.hu\/en\/wp-json\/wp\/v2\/comments?post=551"}],"version-history":[{"count":13,"href":"https:\/\/rcs-se.hu\/en\/wp-json\/wp\/v2\/pages\/551\/revisions"}],"predecessor-version":[{"id":588,"href":"https:\/\/rcs-se.hu\/en\/wp-json\/wp\/v2\/pages\/551\/revisions\/588"}],"wp:attachment":[{"href":"https:\/\/rcs-se.hu\/en\/wp-json\/wp\/v2\/media?parent=551"}],"curies":[{"name":"wp","href":"https:\/\/api.w.org\/{rel}","templated":true}]}}