{"id":448,"date":"2025-06-03T18:39:10","date_gmt":"2025-06-03T18:39:10","guid":{"rendered":"https:\/\/rcs-se.hu\/?page_id=448"},"modified":"2026-03-09T14:05:07","modified_gmt":"2026-03-09T14:05:07","slug":"driftarena","status":"publish","type":"page","link":"https:\/\/rcs-se.hu\/en\/driftarena\/","title":{"rendered":"Drift Arena"},"content":{"rendered":"<div data-elementor-type=\"wp-page\" data-elementor-id=\"448\" class=\"elementor elementor-448\" data-elementor-post-type=\"page\">\n\t\t\t\t<div class=\"elementor-element elementor-element-339ddd4 e-flex e-con-boxed e-con e-parent\" data-id=\"339ddd4\" data-element_type=\"container\" data-e-type=\"container\" data-settings=\"{&quot;background_background&quot;:&quot;classic&quot;}\">\n\t\t\t\t\t<div class=\"e-con-inner\">\n\t\t\t\t<div class=\"elementor-element elementor-element-066f127 elementor-widget elementor-widget-heading\" data-id=\"066f127\" data-element_type=\"widget\" data-e-type=\"widget\" data-widget_type=\"heading.default\">\n\t\t\t\t<div class=\"elementor-widget-container\">\n\t\t\t\t\t<h2 class=\"elementor-heading-title elementor-size-default\">Drift Arena<\/h2>\t\t\t\t<\/div>\n\t\t\t\t<\/div>\n\t\t\t\t<div class=\"elementor-element elementor-element-542634a elementor-widget elementor-widget-text-editor\" data-id=\"542634a\" data-element_type=\"widget\" data-e-type=\"widget\" data-widget_type=\"text-editor.default\">\n\t\t\t\t<div class=\"elementor-widget-container\">\n\t\t\t\t\t\t\t\t\t<p>This year, the \u201cDrift Arena\u201d will be held between June 18\u201320, 2026, in Kunfeh\u00e9rt\u00f3 at the Youth Camp.\n\nThis may be the only drift show where spectators can enjoy the action from extremely close range, and the bravest participants can even try drifting with their own street cars \u2013 legally!<\/p>\t\t\t\t\t\t\t\t<\/div>\n\t\t\t\t<\/div>\n\t\t\t\t<div class=\"elementor-element elementor-element-328ab7f elementor-widget elementor-widget-gallery\" data-id=\"328ab7f\" data-element_type=\"widget\" data-e-type=\"widget\" data-settings=\"{&quot;lazyload&quot;:&quot;yes&quot;,&quot;gallery_layout&quot;:&quot;grid&quot;,&quot;columns&quot;:4,&quot;columns_tablet&quot;:2,&quot;columns_mobile&quot;:1,&quot;gap&quot;:{&quot;unit&quot;:&quot;px&quot;,&quot;size&quot;:10,&quot;sizes&quot;:[]},&quot;gap_tablet&quot;:{&quot;unit&quot;:&quot;px&quot;,&quot;size&quot;:10,&quot;sizes&quot;:[]},&quot;gap_mobile&quot;:{&quot;unit&quot;:&quot;px&quot;,&quot;size&quot;:10,&quot;sizes&quot;:[]},&quot;link_to&quot;:&quot;file&quot;,&quot;aspect_ratio&quot;:&quot;3:2&quot;,&quot;overlay_background&quot;:&quot;yes&quot;,&quot;content_hover_animation&quot;:&quot;fade-in&quot;}\" data-widget_type=\"gallery.default\">\n\t\t\t\t<div class=\"elementor-widget-container\">\n\t\t\t\t\t\t\t<div class=\"elementor-gallery__container\">\n\t\t\t\t\t\t\t<a class=\"e-gallery-item elementor-gallery-item elementor-animated-content\" href=\"https:\/\/rcs-se.hu\/wp-content\/uploads\/2025\/06\/DSC_0815.jpg\" data-elementor-open-lightbox=\"yes\" data-elementor-lightbox-slideshow=\"328ab7f\" data-elementor-lightbox-title=\"DSC_0815\" data-e-action-hash=\"#elementor-action%3Aaction%3Dlightbox%26settings%3DeyJpZCI6NDUyLCJ1cmwiOiJodHRwczpcL1wvcmNzLXNlLmh1XC93cC1jb250ZW50XC91cGxvYWRzXC8yMDI1XC8wNlwvRFNDXzA4MTUuanBnIiwic2xpZGVzaG93IjoiMzI4YWI3ZiJ9\">\n\t\t\t\t\t<div class=\"e-gallery-image elementor-gallery-item__image\" data-thumbnail=\"https:\/\/rcs-se.hu\/wp-content\/uploads\/2025\/06\/DSC_0815-300x169.jpg\" data-width=\"300\" data-height=\"169\" aria-label=\"\" role=\"img\" ><\/div>\n\t\t\t\t\t\t\t\t\t\t\t<div class=\"elementor-gallery-item__overlay\"><\/div>\n\t\t\t\t\t\t\t\t\t\t\t\t\t\t<\/a>\n\t\t\t\t\t\t\t<a class=\"e-gallery-item elementor-gallery-item elementor-animated-content\" href=\"https:\/\/rcs-se.hu\/wp-content\/uploads\/2025\/06\/DSC_0947.jpg\" data-elementor-open-lightbox=\"yes\" data-elementor-lightbox-slideshow=\"328ab7f\" data-elementor-lightbox-title=\"DSC_0947\" data-e-action-hash=\"#elementor-action%3Aaction%3Dlightbox%26settings%3DeyJpZCI6NDUxLCJ1cmwiOiJodHRwczpcL1wvcmNzLXNlLmh1XC93cC1jb250ZW50XC91cGxvYWRzXC8yMDI1XC8wNlwvRFNDXzA5NDcuanBnIiwic2xpZGVzaG93IjoiMzI4YWI3ZiJ9\">\n\t\t\t\t\t<div class=\"e-gallery-image elementor-gallery-item__image\" data-thumbnail=\"https:\/\/rcs-se.hu\/wp-content\/uploads\/2025\/06\/DSC_0947-300x169.jpg\" data-width=\"300\" data-height=\"169\" aria-label=\"\" role=\"img\" ><\/div>\n\t\t\t\t\t\t\t\t\t\t\t<div class=\"elementor-gallery-item__overlay\"><\/div>\n\t\t\t\t\t\t\t\t\t\t\t\t\t\t<\/a>\n\t\t\t\t\t\t\t<a class=\"e-gallery-item elementor-gallery-item elementor-animated-content\" href=\"https:\/\/rcs-se.hu\/wp-content\/uploads\/2025\/06\/DSC_1150.jpg\" data-elementor-open-lightbox=\"yes\" data-elementor-lightbox-slideshow=\"328ab7f\" data-elementor-lightbox-title=\"DSC_1150\" data-e-action-hash=\"#elementor-action%3Aaction%3Dlightbox%26settings%3DeyJpZCI6NDUwLCJ1cmwiOiJodHRwczpcL1wvcmNzLXNlLmh1XC93cC1jb250ZW50XC91cGxvYWRzXC8yMDI1XC8wNlwvRFNDXzExNTAuanBnIiwic2xpZGVzaG93IjoiMzI4YWI3ZiJ9\">\n\t\t\t\t\t<div class=\"e-gallery-image elementor-gallery-item__image\" data-thumbnail=\"https:\/\/rcs-se.hu\/wp-content\/uploads\/2025\/06\/DSC_1150-300x169.jpg\" data-width=\"300\" data-height=\"169\" aria-label=\"\" role=\"img\" ><\/div>\n\t\t\t\t\t\t\t\t\t\t\t<div class=\"elementor-gallery-item__overlay\"><\/div>\n\t\t\t\t\t\t\t\t\t\t\t\t\t\t<\/a>\n\t\t\t\t\t\t\t<a class=\"e-gallery-item elementor-gallery-item elementor-animated-content\" href=\"https:\/\/rcs-se.hu\/wp-content\/uploads\/2025\/06\/DSC_1167.jpg\" data-elementor-open-lightbox=\"yes\" data-elementor-lightbox-slideshow=\"328ab7f\" data-elementor-lightbox-title=\"DSC_1167\" data-e-action-hash=\"#elementor-action%3Aaction%3Dlightbox%26settings%3DeyJpZCI6NDQ5LCJ1cmwiOiJodHRwczpcL1wvcmNzLXNlLmh1XC93cC1jb250ZW50XC91cGxvYWRzXC8yMDI1XC8wNlwvRFNDXzExNjcuanBnIiwic2xpZGVzaG93IjoiMzI4YWI3ZiJ9\">\n\t\t\t\t\t<div class=\"e-gallery-image elementor-gallery-item__image\" data-thumbnail=\"https:\/\/rcs-se.hu\/wp-content\/uploads\/2025\/06\/DSC_1167-300x169.jpg\" data-width=\"300\" data-height=\"169\" aria-label=\"\" role=\"img\" ><\/div>\n\t\t\t\t\t\t\t\t\t\t\t<div class=\"elementor-gallery-item__overlay\"><\/div>\n\t\t\t\t\t\t\t\t\t\t\t\t\t\t<\/a>\n\t\t\t\t\t<\/div>\n\t\t\t\t\t<\/div>\n\t\t\t\t<\/div>\n\t\t\t\t\t<\/div>\n\t\t\t\t<\/div>\n\t\t<div class=\"elementor-element elementor-element-693fce4 e-flex e-con-boxed e-con e-parent\" data-id=\"693fce4\" data-element_type=\"container\" data-e-type=\"container\">\n\t\t\t\t\t<div class=\"e-con-inner\">\n\t\t\t\t<div class=\"elementor-element elementor-element-c298cdd elementor-widget elementor-widget-heading\" data-id=\"c298cdd\" data-element_type=\"widget\" data-e-type=\"widget\" data-widget_type=\"heading.default\">\n\t\t\t\t<div class=\"elementor-widget-container\">\n\t\t\t\t\t<h2 class=\"elementor-heading-title elementor-size-default\">Time Schedule<\/h2>\t\t\t\t<\/div>\n\t\t\t\t<\/div>\n\t\t\t\t\t<\/div>\n\t\t\t\t<\/div>\n\t\t<div class=\"elementor-element elementor-element-2dd887b e-flex e-con-boxed e-con e-parent\" data-id=\"2dd887b\" data-element_type=\"container\" data-e-type=\"container\">\n\t\t\t\t\t<div class=\"e-con-inner\">\n\t\t\t\t<div class=\"elementor-element elementor-element-a74ecd2 elementor-widget elementor-widget-text-editor\" data-id=\"a74ecd2\" data-element_type=\"widget\" data-e-type=\"widget\" data-widget_type=\"text-editor.default\">\n\t\t\t\t<div class=\"elementor-widget-container\">\n\t\t\t\t\t\t\t\t\t<h4>2026. j\u00fanius 18. (thursday): 13:00 \u2013 18:00<\/h4><h4>2026. j\u00fanius 19. (friday): 13:00 \u00a0\u2013 18:00<\/h4><h4>2026. j\u00fanius 20. (saturday): 10:00 \u2013 16:30<\/h4>\t\t\t\t\t\t\t\t<\/div>\n\t\t\t\t<\/div>\n\t\t\t\t\t<\/div>\n\t\t\t\t<\/div>\n\t\t<div class=\"elementor-element elementor-element-d692662 e-flex e-con-boxed e-con e-parent\" data-id=\"d692662\" data-element_type=\"container\" data-e-type=\"container\">\n\t\t\t\t\t<div class=\"e-con-inner\">\n\t\t\t\t<div class=\"elementor-element elementor-element-476f644 elementor-widget elementor-widget-heading\" data-id=\"476f644\" data-element_type=\"widget\" data-e-type=\"widget\" data-widget_type=\"heading.default\">\n\t\t\t\t<div class=\"elementor-widget-container\">\n\t\t\t\t\t<h2 class=\"elementor-heading-title elementor-size-default\">Location<\/h2>\t\t\t\t<\/div>\n\t\t\t\t<\/div>\n\t\t\t\t<div class=\"elementor-element elementor-element-17a4617 elementor-widget elementor-widget-google_maps\" data-id=\"17a4617\" data-element_type=\"widget\" data-e-type=\"widget\" data-widget_type=\"google_maps.default\">\n\t\t\t\t<div class=\"elementor-widget-container\">\n\t\t\t\t\t\t\t<div class=\"elementor-custom-embed\">\n\t\t\t<iframe loading=\"lazy\"\n\t\t\t\t\tsrc=\"https:\/\/maps.google.com\/maps?q=46%C2%B022%2754.3%22N%2019%C2%B024%2711.0%22E&#038;t=m&#038;z=12&#038;output=embed&#038;iwloc=near\"\n\t\t\t\t\ttitle=\"46\u00b022&#039;54.3&quot;N 19\u00b024&#039;11.0&quot;E\"\n\t\t\t\t\taria-label=\"46\u00b022&#039;54.3&quot;N 19\u00b024&#039;11.0&quot;E\"\n\t\t\t><\/iframe>\n\t\t<\/div>\n\t\t\t\t\t\t<\/div>\n\t\t\t\t<\/div>\n\t\t\t\t\t<\/div>\n\t\t\t\t<\/div>\n\t\t<div class=\"elementor-element elementor-element-cadc345 e-flex e-con-boxed e-con e-parent\" data-id=\"cadc345\" data-element_type=\"container\" data-e-type=\"container\">\n\t\t\t\t\t<div class=\"e-con-inner\">\n\t\t\t\t<div class=\"elementor-element elementor-element-388e2c6 elementor-widget elementor-widget-heading\" data-id=\"388e2c6\" data-element_type=\"widget\" data-e-type=\"widget\" data-widget_type=\"heading.default\">\n\t\t\t\t<div class=\"elementor-widget-container\">\n\t\t\t\t\t<h2 class=\"elementor-heading-title elementor-size-default\">Entry<\/h2>\t\t\t\t<\/div>\n\t\t\t\t<\/div>\n\t\t\t\t<div class=\"elementor-element elementor-element-d26c86f elementor-widget elementor-widget-text-editor\" data-id=\"d26c86f\" data-element_type=\"widget\" data-e-type=\"widget\" data-widget_type=\"text-editor.default\">\n\t\t\t\t<div class=\"elementor-widget-container\">\n\t\t\t\t\t\t\t\t\t<p>You can participate either as a spectator or as a drifter.\nIf you would like to participate as a drifter, registration must be completed on-site, and there is no entry fee.\n\nWe do not sell separate tickets for the Drift Arena event. The following guests are welcome to attend:<\/p><p>As a spectator:<\/p><ul><li>\u00a0Members of our association and our <a href=\"https:\/\/rcs-se.hu\/en\/partolo-tag-regisztracio\/\" target=\"_self\">supporting members<\/a> <a href=\"https:\/\/rcs-se.hu\/en\/partolo-tag-regisztracio\/\">p\u00e1rtol\u00f3 tagjait<\/a><\/li><li class=\"translation-block\">Guests of the RCS MeetUP BMW gathering with <a href=\"https:\/\/rcs.hu\/jegyek\/\" target=\"_self\">passes, day tickets, or walking tickets<\/a><\/li><\/ul><p>As a Drifter<\/p><ul><li>Members of our association and our <a href=\"https:\/\/rcs-se.hu\/en\/partolo-tag-regisztracio\/\" target=\"_self\">supporting members<\/a> <a href=\"https:\/\/rcs-se.hu\/en\/partolo-tag-regisztracio\/\">p\u00e1rtol\u00f3 tagjait<\/a><\/li><li class=\"translation-block\">Guests of the RCS MeetUP BMW gathering with <a href=\"https:\/\/rcs.hu\/jegyek\/\" target=\"_self\">passes or day tickets<\/a>.<\/li><\/ul>\t\t\t\t\t\t\t\t<\/div>\n\t\t\t\t<\/div>\n\t\t\t\t<div class=\"elementor-element elementor-element-da54471 elementor-widget elementor-widget-heading\" data-id=\"da54471\" data-element_type=\"widget\" data-e-type=\"widget\" data-widget_type=\"heading.default\">\n\t\t\t\t<div class=\"elementor-widget-container\">\n\t\t\t\t\t<h2 class=\"elementor-heading-title elementor-size-default\">Official Information<\/h2>\t\t\t\t<\/div>\n\t\t\t\t<\/div>\n\t\t\t\t\t<\/div>\n\t\t\t\t<\/div>\n\t\t<div class=\"elementor-element elementor-element-303e3cc e-flex e-con-boxed e-con e-parent\" data-id=\"303e3cc\" data-element_type=\"container\" data-e-type=\"container\">\n\t\t\t\t\t<div class=\"e-con-inner\">\n\t\t\t\t\t<\/div>\n\t\t\t\t<\/div>\n\t\t<div class=\"elementor-element elementor-element-402c15a e-flex e-con-boxed e-con e-parent\" data-id=\"402c15a\" data-element_type=\"container\" data-e-type=\"container\">\n\t\t\t\t\t<div class=\"e-con-inner\">\n\t\t<div class=\"elementor-element elementor-element-65b5bbf e-con-full e-flex e-con e-child\" data-id=\"65b5bbf\" data-element_type=\"container\" data-e-type=\"container\">\n\t\t\t\t<div class=\"elementor-element elementor-element-46e802e elementor-widget elementor-widget-text-editor\" data-id=\"46e802e\" data-element_type=\"widget\" data-e-type=\"widget\" data-widget_type=\"text-editor.default\">\n\t\t\t\t<div class=\"elementor-widget-container\">\n\t\t\t\t\t\t\t\t\t<p>Our event is officially registered with MNASZ (Hungarian National Motorsport Association).<\/p><p>We have obtained all necessary approvals from the Police, Disaster Management Authority, and the Emergency Medical Service.<\/p><p>Key Participation Rules<\/p><ul><li>Only participants 18 years of age or older are allowed to drive<\/li><li>The maximum permitted speed on the track is 20 km\/h<\/li><li>A maximum of 2 people may be in a car (the driver may bring one passenger)<\/li><li>Seatbelt use is mandatory for both the driver and the passenger<\/li><li>Helmets are mandatory in cars equipped with a roll cage<\/li><li>Only drivers with a valid driving licence may drive, and they must be in a fit condition to do so<\/li><\/ul><p>\u00a0<\/p><p><a href=\"https:\/\/rcs-se.hu\/wp-content\/uploads\/2025\/06\/RCS-SE-Drift-Arena-Rendezv-kiiras2025-v2.pdf\">The official event regulations and detailed information are available here.<\/a><\/p>\t\t\t\t\t\t\t\t<\/div>\n\t\t\t\t<\/div>\n\t\t\t\t<\/div>\n\t\t<div class=\"elementor-element elementor-element-7103cf8 e-con-full e-flex e-con e-child\" data-id=\"7103cf8\" data-element_type=\"container\" data-e-type=\"container\">\n\t\t\t\t<div class=\"elementor-element elementor-element-85c1a5b elementor-widget elementor-widget-image\" data-id=\"85c1a5b\" data-element_type=\"widget\" data-e-type=\"widget\" data-widget_type=\"image.default\">\n\t\t\t\t<div class=\"elementor-widget-container\">\n\t\t\t\t\t\t\t\t\t\t\t\t\t\t\t<img fetchpriority=\"high\" decoding=\"async\" width=\"721\" height=\"1024\" src=\"https:\/\/rcs-se.hu\/wp-content\/uploads\/2025\/06\/MNASZ-jovahagyasjpg-721x1024.jpg\" class=\"attachment-large size-large wp-image-453\" alt=\"\" srcset=\"https:\/\/rcs-se.hu\/wp-content\/uploads\/2025\/06\/MNASZ-jovahagyasjpg-721x1024.jpg 721w, https:\/\/rcs-se.hu\/wp-content\/uploads\/2025\/06\/MNASZ-jovahagyasjpg-600x853.jpg 600w, https:\/\/rcs-se.hu\/wp-content\/uploads\/2025\/06\/MNASZ-jovahagyasjpg-211x300.jpg 211w, https:\/\/rcs-se.hu\/wp-content\/uploads\/2025\/06\/MNASZ-jovahagyasjpg-768x1091.jpg 768w, https:\/\/rcs-se.hu\/wp-content\/uploads\/2025\/06\/MNASZ-jovahagyasjpg.jpg 974w\" sizes=\"(max-width: 721px) 100vw, 721px\" \/>\t\t\t\t\t\t\t\t\t\t\t\t\t\t\t<\/div>\n\t\t\t\t<\/div>\n\t\t\t\t<\/div>\n\t\t\t\t\t<\/div>\n\t\t\t\t<\/div>\n\t\t\t\t<\/div>","protected":false},"excerpt":{"rendered":"<p>Drift Ar\u00e9na Id\u00e9n 2026.06.18.-20. k\u00f6z\u00f6tt rendezz\u00fck meg a &#8222;Drift Ar\u00e9n\u00e1t&#8221; Kunfeh\u00e9rt\u00f3n, az Ifj\u00fas\u00e1gi t\u00e1borban.\u00a0 Ez tal\u00e1n az egyetlen olyan drift-bemutat\u00f3, [&hellip;]<\/p>\n","protected":false},"author":1,"featured_media":0,"parent":0,"menu_order":0,"comment_status":"closed","ping_status":"closed","template":"","meta":{"site-sidebar-layout":"no-sidebar","site-content-layout":"","ast-site-content-layout":"full-width-container","site-content-style":"default","site-sidebar-style":"default","ast-global-header-display":"","ast-banner-title-visibility":"","ast-main-header-display":"","ast-hfb-above-header-display":"","ast-hfb-below-header-display":"","ast-hfb-mobile-header-display":"","site-post-title":"disabled","ast-breadcrumbs-content":"","ast-featured-img":"disabled","footer-sml-layout":"","theme-transparent-header-meta":"","adv-header-id-meta":"","stick-header-meta":"","header-above-stick-meta":"","header-main-stick-meta":"","header-below-stick-meta":"","astra-migrate-meta-layouts":"default","ast-page-background-enabled":"default","ast-page-background-meta":{"desktop":{"background-color":"var(--ast-global-color-5)","background-image":"","background-repeat":"repeat","background-position":"center center","background-size":"auto","background-attachment":"scroll","background-type":"","background-media":"","overlay-type":"","overlay-color":"","overlay-opacity":"","overlay-gradient":""},"tablet":{"background-color":"","background-image":"","background-repeat":"repeat","background-position":"center center","background-size":"auto","background-attachment":"scroll","background-type":"","background-media":"","overlay-type":"","overlay-color":"","overlay-opacity":"","overlay-gradient":""},"mobile":{"background-color":"","background-image":"","background-repeat":"repeat","background-position":"center center","background-size":"auto","background-attachment":"scroll","background-type":"","background-media":"","overlay-type":"","overlay-color":"","overlay-opacity":"","overlay-gradient":""}},"ast-content-background-meta":{"desktop":{"background-color":"var(--ast-global-color-4)","background-image":"","background-repeat":"repeat","background-position":"center center","background-size":"auto","background-attachment":"scroll","background-type":"","background-media":"","overlay-type":"","overlay-color":"","overlay-opacity":"","overlay-gradient":""},"tablet":{"background-color":"var(--ast-global-color-4)","background-image":"","background-repeat":"repeat","background-position":"center center","background-size":"auto","background-attachment":"scroll","background-type":"","background-media":"","overlay-type":"","overlay-color":"","overlay-opacity":"","overlay-gradient":""},"mobile":{"background-color":"var(--ast-global-color-4)","background-image":"","background-repeat":"repeat","background-position":"center center","background-size":"auto","background-attachment":"scroll","background-type":"","background-media":"","overlay-type":"","overlay-color":"","overlay-opacity":"","overlay-gradient":""}},"footnotes":""},"class_list":["post-448","page","type-page","status-publish","hentry"],"_links":{"self":[{"href":"https:\/\/rcs-se.hu\/en\/wp-json\/wp\/v2\/pages\/448","targetHints":{"allow":["GET"]}}],"collection":[{"href":"https:\/\/rcs-se.hu\/en\/wp-json\/wp\/v2\/pages"}],"about":[{"href":"https:\/\/rcs-se.hu\/en\/wp-json\/wp\/v2\/types\/page"}],"author":[{"embeddable":true,"href":"https:\/\/rcs-se.hu\/en\/wp-json\/wp\/v2\/users\/1"}],"replies":[{"embeddable":true,"href":"https:\/\/rcs-se.hu\/en\/wp-json\/wp\/v2\/comments?post=448"}],"version-history":[{"count":12,"href":"https:\/\/rcs-se.hu\/en\/wp-json\/wp\/v2\/pages\/448\/revisions"}],"predecessor-version":[{"id":666,"href":"https:\/\/rcs-se.hu\/en\/wp-json\/wp\/v2\/pages\/448\/revisions\/666"}],"wp:attachment":[{"href":"https:\/\/rcs-se.hu\/en\/wp-json\/wp\/v2\/media?parent=448"}],"curies":[{"name":"wp","href":"https:\/\/api.w.org\/{rel}","templated":true}]}}