{"id":24,"date":"2025-03-31T09:00:20","date_gmt":"2025-03-31T09:00:20","guid":{"rendered":"https:\/\/rcs-se.hu\/?page_id=24"},"modified":"2026-03-11T11:44:16","modified_gmt":"2026-03-11T11:44:16","slug":"adattovabbitasi-nyilatkozat","status":"publish","type":"page","link":"https:\/\/rcs-se.hu\/en\/adattovabbitasi-nyilatkozat\/","title":{"rendered":"Adattov\u00e1bb\u00edt\u00e1si nyilatkozat"},"content":{"rendered":"<div data-elementor-type=\"wp-page\" data-elementor-id=\"24\" class=\"elementor elementor-24\" data-elementor-post-type=\"page\">\n\t\t\t\t<div class=\"elementor-element elementor-element-76faa80 e-con-full e-flex e-con e-parent\" data-id=\"76faa80\" data-element_type=\"container\" data-e-type=\"container\">\n\t\t\t\t<div class=\"elementor-element elementor-element-592ecc0 elementor-widget elementor-widget-heading\" data-id=\"592ecc0\" data-element_type=\"widget\" data-e-type=\"widget\" data-widget_type=\"heading.default\">\n\t\t\t\t<div class=\"elementor-widget-container\">\n\t\t\t\t\t<h2 class=\"elementor-heading-title elementor-size-default\">Adattov\u00e1bb\u00edt\u00e1si nyilatkozat<\/h2>\t\t\t\t<\/div>\n\t\t\t\t<\/div>\n\t\t\t\t<div class=\"elementor-element elementor-element-dd18c3e elementor-widget elementor-widget-text-editor\" data-id=\"dd18c3e\" data-element_type=\"widget\" data-e-type=\"widget\" data-widget_type=\"text-editor.default\">\n\t\t\t\t<div class=\"elementor-widget-container\">\n\t\t\t\t\t\t\t\t\t<p>Az RCS- SE.HU oldalon a t\u00e1mogat\u00f3i b\u00e9rletv\u00e1s\u00e1rl\u00e1ssal, vagy egy\u00e9b regisztr\u00e1ci\u00f3val megadott lenti szem\u00e9lyes adatokat az R.C.S. Motorsport Sportegyes\u00fclet adatkezel\u0151 \u00e1tadja az RCS POWER Kft. (6230 Soltvadkert Sz\u0151l\u0151 u. 66.), mint adatfeldolgoz\u00f3 r\u00e9sz\u00e9re.<\/p><p>Az adatkezel\u0151 \u00e1ltal tov\u00e1bb\u00edtott adatok k\u00f6re az al\u00e1bbi: n\u00e9v, fizet\u00e9si adatok, e-mail c\u00edm<\/p><p>Bankk\u00e1rty\u00e1s fizet\u00e9s eset\u00e9n a bankk\u00e1rtya adatokat k\u00f6zvetlen\u00fcl a Stripe LLC. (<em>Stripe Technology Europe, Reg. number: 0599050. office: 25\/28 North Wall Quay, Dublin 1, D01H104<\/em>) dolgozza fel. Az RCS-SE.HU weboldal egy\u00e1ltal\u00e1n nem jut hozz\u00e1 a megadott\u00a0 bankk\u00e1rtya adatokhoz.<\/p>\t\t\t\t\t\t\t\t<\/div>\n\t\t\t\t<\/div>\n\t\t\t\t<\/div>\n\t\t\t\t<\/div>","protected":false},"excerpt":{"rendered":"<p>Adattov\u00e1bb\u00edt\u00e1si nyilatkozat Az RCS- SE.HU oldalon a t\u00e1mogat\u00f3i b\u00e9rletv\u00e1s\u00e1rl\u00e1ssal, vagy egy\u00e9b regisztr\u00e1ci\u00f3val megadott lenti szem\u00e9lyes adatokat az R.C.S. Motorsport Sportegyes\u00fclet [&hellip;]<\/p>\n","protected":false},"author":1,"featured_media":0,"parent":0,"menu_order":0,"comment_status":"closed","ping_status":"closed","template":"","meta":{"site-sidebar-layout":"no-sidebar","site-content-layout":"plain-container","ast-site-content-layout":"","site-content-style":"default","site-sidebar-style":"default","ast-global-header-display":"","ast-banner-title-visibility":"","ast-main-header-display":"","ast-hfb-above-header-display":"","ast-hfb-below-header-display":"","ast-hfb-mobile-header-display":"","site-post-title":"disabled","ast-breadcrumbs-content":"","ast-featured-img":"","footer-sml-layout":"","theme-transparent-header-meta":"enabled","adv-header-id-meta":"","stick-header-meta":"","header-above-stick-meta":"","header-main-stick-meta":"","header-below-stick-meta":"","astra-migrate-meta-layouts":"default","ast-page-background-enabled":"default","ast-page-background-meta":{"desktop":{"background-color":"var(--ast-global-color-5)","background-image":"","background-repeat":"repeat","background-position":"center center","background-size":"auto","background-attachment":"scroll","background-type":"","background-media":"","overlay-type":"","overlay-color":"","overlay-opacity":"","overlay-gradient":""},"tablet":{"background-color":"","background-image":"","background-repeat":"repeat","background-position":"center center","background-size":"auto","background-attachment":"scroll","background-type":"","background-media":"","overlay-type":"","overlay-color":"","overlay-opacity":"","overlay-gradient":""},"mobile":{"background-color":"","background-image":"","background-repeat":"repeat","background-position":"center center","background-size":"auto","background-attachment":"scroll","background-type":"","background-media":"","overlay-type":"","overlay-color":"","overlay-opacity":"","overlay-gradient":""}},"ast-content-background-meta":{"desktop":{"background-color":"var(--ast-global-color-4)","background-image":"","background-repeat":"repeat","background-position":"center center","background-size":"auto","background-attachment":"scroll","background-type":"","background-media":"","overlay-type":"","overlay-color":"","overlay-opacity":"","overlay-gradient":""},"tablet":{"background-color":"var(--ast-global-color-4)","background-image":"","background-repeat":"repeat","background-position":"center center","background-size":"auto","background-attachment":"scroll","background-type":"","background-media":"","overlay-type":"","overlay-color":"","overlay-opacity":"","overlay-gradient":""},"mobile":{"background-color":"var(--ast-global-color-4)","background-image":"","background-repeat":"repeat","background-position":"center center","background-size":"auto","background-attachment":"scroll","background-type":"","background-media":"","overlay-type":"","overlay-color":"","overlay-opacity":"","overlay-gradient":""}},"footnotes":""},"class_list":["post-24","page","type-page","status-publish","hentry"],"_links":{"self":[{"href":"https:\/\/rcs-se.hu\/en\/wp-json\/wp\/v2\/pages\/24","targetHints":{"allow":["GET"]}}],"collection":[{"href":"https:\/\/rcs-se.hu\/en\/wp-json\/wp\/v2\/pages"}],"about":[{"href":"https:\/\/rcs-se.hu\/en\/wp-json\/wp\/v2\/types\/page"}],"author":[{"embeddable":true,"href":"https:\/\/rcs-se.hu\/en\/wp-json\/wp\/v2\/users\/1"}],"replies":[{"embeddable":true,"href":"https:\/\/rcs-se.hu\/en\/wp-json\/wp\/v2\/comments?post=24"}],"version-history":[{"count":20,"href":"https:\/\/rcs-se.hu\/en\/wp-json\/wp\/v2\/pages\/24\/revisions"}],"predecessor-version":[{"id":703,"href":"https:\/\/rcs-se.hu\/en\/wp-json\/wp\/v2\/pages\/24\/revisions\/703"}],"wp:attachment":[{"href":"https:\/\/rcs-se.hu\/en\/wp-json\/wp\/v2\/media?parent=24"}],"curies":[{"name":"wp","href":"https:\/\/api.w.org\/{rel}","templated":true}]}}