{"id":148,"date":"2025-03-31T11:32:34","date_gmt":"2025-03-31T11:32:34","guid":{"rendered":"https:\/\/rcs-se.hu\/?page_id=148"},"modified":"2025-04-10T20:50:28","modified_gmt":"2025-04-10T20:50:28","slug":"rolunk","status":"publish","type":"page","link":"https:\/\/rcs-se.hu\/en\/rolunk\/","title":{"rendered":"About Us"},"content":{"rendered":"<div data-elementor-type=\"wp-page\" data-elementor-id=\"148\" class=\"elementor elementor-148\" data-elementor-post-type=\"page\">\n\t\t\t\t<div class=\"elementor-element elementor-element-339ddd4 e-flex e-con-boxed e-con e-parent\" data-id=\"339ddd4\" data-element_type=\"container\" data-e-type=\"container\" data-settings=\"{&quot;background_background&quot;:&quot;classic&quot;}\">\n\t\t\t\t\t<div class=\"e-con-inner\">\n\t\t\t\t<div class=\"elementor-element elementor-element-066f127 elementor-widget elementor-widget-heading\" data-id=\"066f127\" data-element_type=\"widget\" data-e-type=\"widget\" data-widget_type=\"heading.default\">\n\t\t\t\t<div class=\"elementor-widget-container\">\n\t\t\t\t\t<h2 class=\"elementor-heading-title elementor-size-default\">About Us<\/h2>\t\t\t\t<\/div>\n\t\t\t\t<\/div>\n\t\t\t\t<div class=\"elementor-element elementor-element-542634a elementor-widget elementor-widget-text-editor\" data-id=\"542634a\" data-element_type=\"widget\" data-e-type=\"widget\" data-widget_type=\"text-editor.default\">\n\t\t\t\t<div class=\"elementor-widget-container\">\n\t\t\t\t\t\t\t\t\t<p>The R.C.S. \u2013 Racing Club Soltvadkert automotive community has existed for more than 20 years. For decades we have been building BMW race cars and working with automotive tuning.<\/p><p>Our main focus has been drag racing, slalom, and drift cars, but the R.C.S. logo has also appeared on off-road vehicles, go-karts, and motorcycles.<\/p><p>In 2025, we were officially registered as the R.C.S. Motorsport Sports Association. As a registered association, we now have the opportunity to receive support and provide more favorable conditions for our members and supporters.<\/p><p>The goal of the association is to promote motorsport as both a recreational and competitive sport, support activities related to automotive sports, build and represent the interests of the motorsport community, and ensure the development of future generations in various motorsport disciplines.<\/p><p>The association supports its members in the acquisition, construction, transportation, and maintenance of race vehicles.\nIt provides professional community spaces and opportunities where members can prepare and maintain their racing equipment and transport vehicles themselves.\n\nWe also help members participate in competitions, training sessions, and other motorsport events.\nThe association builds sponsorship and partnership relationships and seeks opportunities to promote motorsport and related events through public appearances and advertising platforms.\n\nIn addition, the association organizes motorsport events, training sessions, demonstrations, and competitions, while also hosting community gatherings and social events for its members.\n\nThe association supports charity events and provides opportunities for charitable initiatives at its own events.\n\nThe automotive and motorsport disciplines particularly supported by the association (but not limited to) include:\n\nDrift, Drag Racing, Slalom, Circuit Racing, Off-Road, Go-Kart, Quad, and e-Motorsport.<\/p><p class=\"translation-block\">If you are interested and would like to join us, you can send an email to <a href=\"mailto:info@rcs-se.hu\" target=\"_self\">info@rcs-se.hu\n<\/a>.<\/p><p>\u00a0<\/p>\t\t\t\t\t\t\t\t<\/div>\n\t\t\t\t<\/div>\n\t\t\t\t\t<\/div>\n\t\t\t\t<\/div>\n\t\t\t\t<\/div>","protected":false},"excerpt":{"rendered":"<p>R\u00f3lunk Az R.C.S. &#8211; vagyis &#8222;Racing Club Soltvadkert&#8221; aut\u00f3s k\u00f6z\u00f6ss\u00e9g m\u00e1r t\u00f6bb, mint 20 \u00e9ve l\u00e9tezik.\u00a0 BMW versenyaut\u00f3k \u00e9p\u00edt\u00e9s\u00e9vel, aut\u00f3tuninggal [&hellip;]<\/p>\n","protected":false},"author":1,"featured_media":0,"parent":0,"menu_order":0,"comment_status":"closed","ping_status":"closed","template":"","meta":{"site-sidebar-layout":"no-sidebar","site-content-layout":"","ast-site-content-layout":"full-width-container","site-content-style":"default","site-sidebar-style":"default","ast-global-header-display":"","ast-banner-title-visibility":"","ast-main-header-display":"","ast-hfb-above-header-display":"","ast-hfb-below-header-display":"","ast-hfb-mobile-header-display":"","site-post-title":"disabled","ast-breadcrumbs-content":"","ast-featured-img":"disabled","footer-sml-layout":"","theme-transparent-header-meta":"","adv-header-id-meta":"","stick-header-meta":"","header-above-stick-meta":"","header-main-stick-meta":"","header-below-stick-meta":"","astra-migrate-meta-layouts":"default","ast-page-background-enabled":"default","ast-page-background-meta":{"desktop":{"background-color":"var(--ast-global-color-5)","background-image":"","background-repeat":"repeat","background-position":"center center","background-size":"auto","background-attachment":"scroll","background-type":"","background-media":"","overlay-type":"","overlay-color":"","overlay-opacity":"","overlay-gradient":""},"tablet":{"background-color":"","background-image":"","background-repeat":"repeat","background-position":"center center","background-size":"auto","background-attachment":"scroll","background-type":"","background-media":"","overlay-type":"","overlay-color":"","overlay-opacity":"","overlay-gradient":""},"mobile":{"background-color":"","background-image":"","background-repeat":"repeat","background-position":"center center","background-size":"auto","background-attachment":"scroll","background-type":"","background-media":"","overlay-type":"","overlay-color":"","overlay-opacity":"","overlay-gradient":""}},"ast-content-background-meta":{"desktop":{"background-color":"var(--ast-global-color-4)","background-image":"","background-repeat":"repeat","background-position":"center center","background-size":"auto","background-attachment":"scroll","background-type":"","background-media":"","overlay-type":"","overlay-color":"","overlay-opacity":"","overlay-gradient":""},"tablet":{"background-color":"var(--ast-global-color-4)","background-image":"","background-repeat":"repeat","background-position":"center center","background-size":"auto","background-attachment":"scroll","background-type":"","background-media":"","overlay-type":"","overlay-color":"","overlay-opacity":"","overlay-gradient":""},"mobile":{"background-color":"var(--ast-global-color-4)","background-image":"","background-repeat":"repeat","background-position":"center center","background-size":"auto","background-attachment":"scroll","background-type":"","background-media":"","overlay-type":"","overlay-color":"","overlay-opacity":"","overlay-gradient":""}},"footnotes":""},"class_list":["post-148","page","type-page","status-publish","hentry"],"_links":{"self":[{"href":"https:\/\/rcs-se.hu\/en\/wp-json\/wp\/v2\/pages\/148","targetHints":{"allow":["GET"]}}],"collection":[{"href":"https:\/\/rcs-se.hu\/en\/wp-json\/wp\/v2\/pages"}],"about":[{"href":"https:\/\/rcs-se.hu\/en\/wp-json\/wp\/v2\/types\/page"}],"author":[{"embeddable":true,"href":"https:\/\/rcs-se.hu\/en\/wp-json\/wp\/v2\/users\/1"}],"replies":[{"embeddable":true,"href":"https:\/\/rcs-se.hu\/en\/wp-json\/wp\/v2\/comments?post=148"}],"version-history":[{"count":16,"href":"https:\/\/rcs-se.hu\/en\/wp-json\/wp\/v2\/pages\/148\/revisions"}],"predecessor-version":[{"id":272,"href":"https:\/\/rcs-se.hu\/en\/wp-json\/wp\/v2\/pages\/148\/revisions\/272"}],"wp:attachment":[{"href":"https:\/\/rcs-se.hu\/en\/wp-json\/wp\/v2\/media?parent=148"}],"curies":[{"name":"wp","href":"https:\/\/api.w.org\/{rel}","templated":true}]}}